{"id":1349,"date":"2020-08-19T12:00:32","date_gmt":"2020-08-19T12:00:32","guid":{"rendered":"https:\/\/startersites.io\/brizy\/business\/?page_id=1349"},"modified":"2025-09-22T20:24:02","modified_gmt":"2025-09-22T20:24:02","slug":"contact","status":"publish","type":"page","link":"http:\/\/radrominstal.ro\/?page_id=1349","title":{"rendered":"Contacteaz\u0103-ne"},"content":{"rendered":"<div class=\"brz brz-root__container brz-reset-all brz-root__container-page\">\n<section id=\"ecbcf00ba9370fda0952_xlYn3nuDfeUI\" class=\"brz-section brz-css-1jrppet brz-css-kro6jw\">\n<div class=\"brz-section__content brz-section--boxed brz-css-1287pg2 brz-css-1t62wg\" data-brz-custom-id=\"b37IZBOPmwT5\">\n<div class=\"brz-bg\">\n<div class=\"brz-bg-color\"><\/div>\n<\/div>\n<div class=\"brz-container brz-css-1nk30qg brz-css-q5eki7\">\n<div id=\"\" data-brz-iteration-count=\"1\" class=\"brz-css-a5ds3c brz-css-1n801ya brz-wrapper brz-animated brz-css-1io8g2l brz-css-175wjw0\" data-animationid=\"jk3njVk4BfQW\">\n<div class=\"brz-image brz-css-h9ja2q brz-css-giwuu7\" data-brz-custom-id=\"ikgFDrymCwcD\"><a class=\"brz-a\" href=\"https:\/\/radrominstal.ro\/\" target=\"_self\" rel=\"noopener\" data-brz-link-type=\"external\"><img decoding=\"async\" class=\"brz-img\" src=\"http:\/\/radrominstal.ro\/wp-content\/uploads\/2025\/08\/2e3014fd-0517-4689-8346-5123b11551d8-removebg-preview.png\" alt=\"\" title=\"2e3014fd-0517-4689-8346-5123b11551d8-removebg-preview\" loading=\"lazy\"><\/a><\/div>\n<\/div>\n<div id=\"\" class=\"brz-css-a5ds3c brz-css-19d9730 brz-wrapper\">\n<div class=\"brz-menu-simple brz-css-123dnqi brz-css-obizbc\">\n<div style=\"min-height:20px\">\n<div class=\"menu-main-menu-container\">\n<ul id=\"menu-main-menu\" class=\"menu\">\n<li id=\"menu-item-1651\" class=\"menu-item menu-item-type-post_type menu-item-object-page menu-item-home menu-item-1651\"><a href=\"https:\/\/radrominstal.ro\/\">Acas\u0103<\/a><\/li>\n<li id=\"menu-item-1650\" class=\"menu-item menu-item-type-post_type menu-item-object-page menu-item-1650\"><a href=\"https:\/\/radrominstal.ro\/about\/\">Proiectele noastre<\/a><\/li>\n<li id=\"menu-item-1649\" class=\"menu-item menu-item-type-post_type menu-item-object-page menu-item-1649\"><a href=\"https:\/\/radrominstal.ro\/contact\/\">Contacteaz\u0103-ne<\/a><\/li>\n<\/ul>\n<\/div>\n<\/div>\n<\/div>\n<\/div>\n<div class=\"brz-row__container brz-css-38n268 brz-css-1uu84oa\" data-brz-custom-id=\"mU9VWpzxsGkl\">\n<div class=\"brz-row brz-css-12zu1iz brz-css-dq4iwh brz-css-niam98\">\n<div class=\"brz-columns brz-css-gu55m7 brz-css-1ltijsw\" data-brz-custom-id=\"eyzoeKe1gIMP\">\n<div class=\"brz-column__items brz-css-p231wx brz-css-173792h\">\n<div id=\"\" class=\"brz-css-a5ds3c brz-css-mt7f9c brz-wrapper\">\n<div class=\"brz-rich-text brz-rich-text__custom brz-css-l8rcze brz-css-12j3t11\" data-brz-custom-id=\"wJCycjiyrdA8\">\n<div data-brz-translate-text=\"1\">\n<h2 class=\"brz-tp-lg-heading2 brz-css-vLbwg\" data-uniq-id=\"l96Bp\" data-generated-css=\"brz-css-af706\"><strong>Sunte\u021bi interesat de o colaborare cu noi?<\/strong><\/h2>\n<\/div>\n<\/div>\n<\/div>\n<div id=\"\" class=\"brz-css-a5ds3c brz-css-ciklza brz-wrapper\">\n<div class=\"brz-rich-text brz-rich-text__custom brz-css-l8rcze brz-css-1okk2ui\" data-brz-custom-id=\"uYsHDZk6hI6i\">\n<div data-brz-translate-text=\"1\">\n<h4 class=\"brz-tp-lg-heading4 brz-text-lg-center brz-css-a8nU8\" data-generated-css=\"brz-css-tHhcP\" data-uniq-id=\"tgyjU\"><span class=\"brz-cp-color8\">Pentru a afla mai multe despre activitatea noastr\u0103, v\u0103 invit\u0103m s\u0103 ne contacta\u021bi direct prin <\/span>\t\t<span class=\"brz-cp-color8\">e-mail, la adresa de mai jos. V\u0103 mul\u021bumim pentru interes!<\/span><\/h4>\n<\/div>\n<\/div>\n<\/div>\n<\/div>\n<\/div>\n<\/div>\n<\/div>\n<div id=\"\" class=\"brz-css-a5ds3c brz-css-wbvonq brz-wrapper\">\n<div class=\"brz-line brz-line-default brz-css-1o1z5k9 brz-css-l9jg5k\" data-brz-custom-id=\"sgfIs5fgryeI\">\n<hr class=\"brz-hr\"><\/div>\n<\/div>\n<div id=\"\" class=\"brz-css-a5ds3c brz-css-1qqzczj brz-css-1b21f9e brz-wrapper\">\n<div class=\"brz-spacer brz-css-1fqcs7w brz-css-1pao0dt\"><\/div>\n<\/div>\n<div class=\"brz-row__container brz-css-38n268 brz-css-1u06a6q\" data-brz-custom-id=\"dMBCRpp4F3PX\">\n<div class=\"brz-row brz-css-12zu1iz brz-css-dq4iwh brz-css-p7ajs1\">\n<div class=\"brz-columns brz-css-gu55m7 brz-css-13uwn3s\" data-brz-custom-id=\"dZXnmjQh92hK\">\n<div class=\"brz-column__items brz-css-p231wx brz-css-9bj0q5\">\n<div class=\"brz-wrapper-clone brz-flex-xs-wrap brz-css-1rlmg3p brz-css-wel0jb\" data-brz-custom-id=\"hl4qyyLfKfoA\"><a class=\"brz-a brz-btn brz-css-mqkr9t brz-css-1brqxcr brz-css-1ivmjs0 brz-css-1ywbntz\" href=\"mailto:office@radrominstal.ro?subject=Intrebare%20despre%20servicii\" target=\"_blank\" rel=\"noopener\" data-brz-link-type=\"external\" data-brz-custom-id=\"fymM9ZJYrEMH\"><span data-brz-translate-text=\"1\" class=\"brz-span brz-text__editor\">Solicit\u0103 o ofert\u0103<\/span><\/a><\/div>\n<\/div>\n<\/div>\n<\/div>\n<\/div>\n<\/div>\n<\/div>\n<\/section>\n<section id=\"013a42a49dc3b1950f98_rnovdgzaummifennwzsjcftlcydjedhpysrx\" class=\"brz-section brz-css-pk85k5 brz-css-1ozykvw\">\n<div class=\"brz-section__content brz-section--boxed brz-css-1ht8tss brz-css-1bp5x07\" data-brz-custom-id=\"wuglirrfleljhvgqaeczlclshsyqypmuygnd\">\n<div class=\"brz-container brz-css-1tcs14x brz-css-tt6f84\">\n<div class=\"brz-row__container brz-css-kf94b8 brz-css-zfgw04\" data-brz-custom-id=\"dyryyrvsbssbjllkepqemrkskedcjnnscoiv\">\n<div class=\"brz-row brz-css-cdqxwv brz-css-10oys15 brz-css-pkz0ge\">\n<div class=\"brz-columns brz-css-7zhkaz brz-css-9cs0l6\" data-brz-custom-id=\"gnwvsivncazhodbgkksnoxkcbsbnceqjhvbc\">\n<div class=\"brz-bg\">\n<div class=\"brz-bg-color\"><\/div>\n<\/div>\n<div class=\"brz-column__items brz-css-p1k463 brz-css-1dafdqs\">\n<div class=\"brz-wrapper-clone brz-flex-xs-wrap brz-css-10g9a55 brz-css-1plmer8\" data-brz-custom-id=\"rvxgoxamiwtyjvwxlnsxtddvmpwnsfxkicmk\">\n<div class=\"brz-icon__container\" data-brz-custom-id=\"unpxmznkcwxidolfqdcrkkpuwuqqjxtfyczh\"><span class=\"brz-icon brz-span brz-css-14mkm7c brz-css-14lb81z\"><\/span><\/div>\n<\/div>\n<div id=\"\" class=\"brz-css-1g7d4ij brz-css-xhmyf brz-wrapper\">\n<div class=\"brz-rich-text brz-rich-text__custom brz-css-1867o2b brz-css-nixf3t\" data-brz-custom-id=\"dqbsvjgwnqdhdpiuggqznxzzpssqfrtradaa\">\n<div data-brz-translate-text=\"1\">\n<p class=\"brz-text-lg-center brz-tp-lg-heading5 brz-css-we54J\" data-generated-css=\"brz-css-f7JxO\" data-uniq-id=\"ujZVI\">Adres\u0103<\/p>\n<\/div>\n<\/div>\n<\/div>\n<div id=\"\" class=\"brz-css-1g7d4ij brz-css-16tonbp brz-wrapper\">\n<div class=\"brz-rich-text brz-rich-text__custom brz-css-1867o2b brz-css-117iszv\" data-brz-custom-id=\"ijfjnyqxwwpipfjaugayjfhvleqzyobvzqbn\">\n<div data-brz-translate-text=\"1\">\n<p class=\"brz-fsft-lg-0 brz-fwdth-lg-100 brz-vfw-lg-400 brz-lh-lg-1_7 brz-ls-lg-0 brz-fw-lg-400 brz-fss-lg-px brz-fs-lg-16 brz-ft-google brz-ff-overpass brz-tp-lg-empty brz-text-lg-center brz-css-wlizb\" data-generated-css=\"brz-css-h7HQB\" data-uniq-id=\"hAJ9V\"><span class=\"brz-cp-color7\">Str. Ghe. Gr. Cantacuzino, nr. 348, Ploie\u0219ti, Prahova<\/span><\/p>\n<p class=\"brz-tp-lg-paragraph brz-text-lg-center brz-css-wHmd3\" data-generated-css=\"brz-css-jcvx2\" data-uniq-id=\"xe4L3\"><\/p>\n<\/div>\n<\/div>\n<\/div>\n<\/div>\n<\/div>\n<div class=\"brz-columns brz-css-7zhkaz brz-css-30whqp\" data-brz-custom-id=\"pqwhcokxfcwwpdqtlcjfjzfyrzibfhqvghov\">\n<div class=\"brz-bg\">\n<div class=\"brz-bg-color\"><\/div>\n<\/div>\n<div class=\"brz-column__items brz-css-p1k463 brz-css-150gh8j\">\n<div class=\"brz-wrapper-clone brz-flex-xs-wrap brz-css-10g9a55 brz-css-14yq0xs\" data-brz-custom-id=\"dqbstegtvtclscqaqmefedpekrepxbsfgajj\">\n<div class=\"brz-icon__container\" data-brz-custom-id=\"glqkbcyycanlzeduvjmghatngldbsvxscupb\"><span class=\"brz-icon brz-span brz-css-14mkm7c brz-css-1nhz27t\"><\/span><\/div>\n<\/div>\n<div id=\"\" class=\"brz-css-1g7d4ij brz-css-xaz3qv brz-wrapper\">\n<div class=\"brz-rich-text brz-rich-text__custom brz-css-1867o2b brz-css-ss59j4\" data-brz-custom-id=\"hzegutmzwwyrlxgooutijeskqlhmiedobelt\">\n<div data-brz-translate-text=\"1\">\n<p class=\"brz-text-lg-center brz-tp-lg-heading5 brz-css-zCucl\" data-uniq-id=\"g7DCk\" data-generated-css=\"brz-css-dOuRO\">Program<\/p>\n<\/div>\n<\/div>\n<\/div>\n<div id=\"\" class=\"brz-css-1g7d4ij brz-css-1no0c7e brz-wrapper\">\n<div class=\"brz-rich-text brz-rich-text__custom brz-css-1867o2b brz-css-cq219i\" data-brz-custom-id=\"ivhlpclsvxjwlvdbeldhqkrvzmudrhazoyjz\">\n<div data-brz-translate-text=\"1\">\n<p class=\"brz-tp-lg-paragraph brz-text-lg-center brz-css-f70q4\" data-generated-css=\"brz-css-d3PDj\" data-uniq-id=\"yeZLm\"><span class=\"brz-cp-color7\">Luni &#8211; Vineri: 09:00 &#8211; 16:00<\/span><\/p>\n<p class=\"brz-tp-lg-paragraph brz-text-lg-center brz-css-rkaVR\" data-generated-css=\"brz-css-dvp8j\" data-uniq-id=\"kVd2y\"><span class=\"brz-cp-color7\">S\u00e2mb\u0103t\u0103 &#8211; Duminic\u0103: \u00cenchis<\/span><\/p>\n<\/div>\n<\/div>\n<\/div>\n<\/div>\n<\/div>\n<div class=\"brz-columns brz-css-7zhkaz brz-css-1rxyjby\" data-brz-custom-id=\"rafgdoxwpvgyvqsxuarlndmmcpwmlognfbwy\">\n<div class=\"brz-bg\">\n<div class=\"brz-bg-color\"><\/div>\n<\/div>\n<div class=\"brz-column__items brz-css-p1k463 brz-css-1x3fqgw\">\n<div class=\"brz-wrapper-clone brz-flex-xs-wrap brz-css-10g9a55 brz-css-na6udt\" data-brz-custom-id=\"ucioyvnriruphfgayizzgepkqizxmuijvksp\">\n<div class=\"brz-icon__container\" data-brz-custom-id=\"xueemyskyzwfhokvfkoucbnzvedbvkxhhwmx\"><span class=\"brz-icon brz-span brz-css-14mkm7c brz-css-1jp6udi\"><\/span><\/div>\n<\/div>\n<div id=\"\" class=\"brz-css-1g7d4ij brz-css-158lwrc brz-wrapper\">\n<div class=\"brz-rich-text brz-rich-text__custom brz-css-1867o2b brz-css-1xpd1o5\" data-brz-custom-id=\"gpffppldsqpzabraisicyctkbuvzirfefeyz\">\n<div data-brz-translate-text=\"1\">\n<p class=\"brz-tp-lg-heading5 brz-text-lg-center brz-css-vHzxt\" data-generated-css=\"brz-css-eeDnc\" data-uniq-id=\"kPV_C\"><span class=\"brz-cp-color2\">Adres\u0103 de email<\/span><\/p>\n<\/div>\n<\/div>\n<\/div>\n<div id=\"\" class=\"brz-css-1g7d4ij brz-css-njj3cs brz-wrapper\">\n<div class=\"brz-rich-text brz-rich-text__custom brz-css-1867o2b brz-css-18pi8bj\" data-brz-custom-id=\"zogoquzoxkteptywvllgntlouhkfcqrijljr\">\n<div data-brz-translate-text=\"1\">\n<p class=\"brz-text-lg-center brz-fss-lg-px brz-fw-lg-400 brz-ls-lg-0 brz-lh-lg-1_7 brz-vfw-lg-400 brz-fwdth-lg-100 brz-fsft-lg-0 brz-tp-lg-empty brz-ff-overpass brz-ft-google brz-fs-lg-16 brz-css-x8WFi\" data-generated-css=\"brz-css-mLnf4\" data-uniq-id=\"oLaiM\"><span class=\"brz-cp-color7\">office@radrominstal.ro<\/span><\/p>\n<p class=\"brz-tp-lg-paragraph brz-text-lg-center brz-css-l4xAr\" data-generated-css=\"brz-css-oUJ2o\" data-uniq-id=\"eZkSJ\"><\/p>\n<\/div>\n<\/div>\n<\/div>\n<\/div>\n<\/div>\n<div class=\"brz-columns brz-css-7zhkaz brz-css-q9xrnp\" data-brz-custom-id=\"zgjyptczsolypxnfydwxlkhzaqbkkeoktftt\">\n<div class=\"brz-bg\">\n<div class=\"brz-bg-color\"><\/div>\n<\/div>\n<div class=\"brz-column__items brz-css-p1k463 brz-css-17mlvpe\">\n<div class=\"brz-wrapper-clone brz-flex-xs-wrap brz-css-10g9a55 brz-css-11anjqa\" data-brz-custom-id=\"jetjwvsdxpyvieiqizubdzxbmnsdwoyshaea\">\n<div class=\"brz-icon__container\" data-brz-custom-id=\"sximqhjhlvuxzwxxjjzybuiepbsrdnwiaxvp\"><span class=\"brz-icon brz-span brz-css-14mkm7c brz-css-1hg3l0y\"><\/span><\/div>\n<\/div>\n<div id=\"\" class=\"brz-css-1g7d4ij brz-css-grmctk brz-wrapper\">\n<div class=\"brz-rich-text brz-rich-text__custom brz-css-1867o2b brz-css-zd35p6\" data-brz-custom-id=\"vujpepxnhctafopgozkftztgdtlzupzjrkdf\">\n<div data-brz-translate-text=\"1\">\n<p class=\"brz-tp-lg-heading5 brz-text-lg-center brz-css-stFoY\" data-generated-css=\"brz-css-jx7Ha\" data-uniq-id=\"i95j8\"><span class=\"brz-cp-color2\">Num\u0103r de telefon<\/span><\/p>\n<\/div>\n<\/div>\n<\/div>\n<div id=\"\" class=\"brz-css-1g7d4ij brz-css-iavazl brz-wrapper\">\n<div class=\"brz-rich-text brz-rich-text__custom brz-css-1867o2b brz-css-dt4og7\" data-brz-custom-id=\"bhgkxjvjpeuusyzpwxingeelhfrsxtkpmgtv\">\n<div data-brz-translate-text=\"1\">\n<p class=\"brz-text-lg-center brz-bcp-color7 brz-tp-lg-empty brz-ff-overpass brz-ft-google brz-fs-lg-16 brz-fss-lg-px brz-fw-lg-400 brz-ls-lg-0 brz-lh-lg-1_7 brz-vfw-lg-400 brz-fwdth-lg-100 brz-fsft-lg-0 brz-css-oKtQX\" data-generated-css=\"brz-css-cWp0y\" data-uniq-id=\"pNOmg\"><span class=\"brz-cp-color7\"> (+40) 0724 796 031 &#8211;<\/span>\t<strong class=\"brz-cp-color7 brz-bold-true\">\u0218erban Adrian<\/strong><\/p>\n<p class=\"brz-text-lg-center brz-tp-lg-empty brz-ff-overpass brz-ft-google brz-fs-lg-22 brz-fss-lg-px brz-fw-lg-400 brz-ls-lg-0 brz-lh-lg-1_7 brz-vfw-lg-400 brz-fwdth-lg-100 brz-fsft-lg-0 brz-css-lH91a\" data-generated-css=\"brz-css-tSF3m\" data-uniq-id=\"waP1d\"><\/p>\n<p class=\"brz-tp-lg-paragraph brz-text-lg-center brz-css-uzorY\" data-generated-css=\"brz-css-dHQbD\" data-uniq-id=\"cf0or\"><\/p>\n<\/div>\n<\/div>\n<\/div>\n<\/div>\n<\/div>\n<\/div>\n<\/div>\n<\/div>\n<\/div>\n<\/section>\n<section id=\"ab8366510db63df6c7ec_pcksctucqdnqvgzhvkwposfpgtttsetgtrdv\" class=\"brz-section brz-css-ndgu5p brz-css-1f9wn3c\">\n<div class=\"brz-section__content brz-section--boxed brz-css-n87g1b brz-css-1prx91u\" data-brz-custom-id=\"wpfhfdtebseeujyibaqmtwuzkaygkfkmbvnh\">\n<div class=\"brz-container brz-css-on1gpr brz-css-1992hv7\">\n<div id=\"\" class=\"brz-css-1jysd1t brz-css-17fugei brz-css-1xs3www brz-wrapper\">\n<div class=\"brz-spacer brz-css-18yq17e brz-css-sjeake\"><\/div>\n<\/div>\n<div class=\"brz-row__container brz-css-1oozw1g brz-css-1na6pu7\" data-brz-custom-id=\"cxmhyxeohhzkmqfoacnysfnevvqmaedddpaj\">\n<div class=\"brz-row brz-css-tvzy22 brz-css-18dsofy brz-css-16x3xo1\">\n<div class=\"brz-columns brz-css-eid5tz brz-css-18log3y\" data-brz-custom-id=\"opamdutsevszvxkfiivxnoxzjuxcbepzqnen\">\n<div class=\"brz-column__items brz-css-1678t59 brz-css-14jlasy\">\n<div id=\"\" class=\"brz-css-1jysd1t brz-css-7nymx7 brz-wrapper\">\n<div class=\"brz-map brz-map_styles brz-css-1edei4q brz-css-g591bi\" data-brz-custom-id=\"qcwrrcfsvvtbcebpbmqaszvabzgvajljhwhv\">\n<div class=\"brz-ui-ed-map-content\"><\/div>\n<\/div>\n<\/div>\n<\/div>\n<\/div>\n<\/div>\n<\/div>\n<\/div>\n<\/div>\n<\/section><\/div>\n<p><!-- version:1757409283 --><\/p>\n","protected":false},"excerpt":{"rendered":"<p>Acas\u0103 Proiectele noastre Contacteaz\u0103-ne Sunte\u021bi interesat de o colaborare cu noi? Pentru a afla mai multe despre activitatea noastr\u0103, v\u0103 invit\u0103m s\u0103 ne contacta\u021bi direct prin e-mail, la adresa de mai jos. V\u0103 mul\u021bumim pentru interes! Solicit\u0103 o ofert\u0103 Adres\u0103 Str. Ghe. Gr. Cantacuzino, nr. 348, Ploie\u0219ti, Prahova Program Luni &#8211; Vineri: 09:00 &#8211; 16:00 [&hellip;]<\/p>\n","protected":false},"author":2,"featured_media":0,"parent":0,"menu_order":0,"comment_status":"closed","ping_status":"closed","template":"brizy-blank-template.php","meta":{"footnotes":""},"class_list":["post-1349","page","type-page","status-publish","hentry"],"brizy_media":[{"id":287,"url":"http:\/\/radrominstal.ro\/wp-content\/uploads\/2020\/08\/nadine-shaabana-DrPcfuaeYFQ-unsplash.jpg","name":"nadine-shaabana-DrPcfuaeYFQ-unsplash.jpg","meta":{"brizy_attachment_uid":"wp-1f355f5decbeec892082d10c22024924.jpg","brizy_post_uid":["1ca60c0df99d4c60df646828231934f9"]}},{"id":289,"url":"http:\/\/radrominstal.ro\/wp-content\/uploads\/2020\/08\/laura-chouette-14u6sJ6KiyI-unsplash.jpg","name":"laura-chouette-14u6sJ6KiyI-unsplash.jpg","meta":{"brizy_attachment_uid":"wp-18efab12f9793b5547d14a86b03ab936.jpg","brizy_post_uid":["1ca60c0df99d4c60df646828231934f9"]}},{"id":290,"url":"http:\/\/radrominstal.ro\/wp-content\/uploads\/2020\/08\/heidi-kaden-xWZa0GYCMbo-unsplash.jpg","name":"heidi-kaden-xWZa0GYCMbo-unsplash.jpg","meta":{"brizy_attachment_uid":"wp-6860a48cfe22f8edaccbdbbd68dfd20f.jpg","brizy_post_uid":["1ca60c0df99d4c60df646828231934f9"]}},{"id":1819,"url":"http:\/\/radrominstal.ro\/wp-content\/uploads\/2025\/08\/5c051741fafdebd33044dfb5bf6e2cb4.jpg","name":"5c051741fafdebd33044dfb5bf6e2cb4.jpg","meta":{"brizy_attachment_uid":"5c051741fafdebd33044dfb5bf6e2cb4.jpg","brizy_post_uid":["1ca60c0df99d4c60df646828231934f9"]}},{"id":1967,"url":"http:\/\/radrominstal.ro\/wp-content\/uploads\/2025\/08\/2e3014fd-0517-4689-8346-5123b11551d8.jpeg","name":"2e3014fd-0517-4689-8346-5123b11551d8.jpeg","meta":{"brizy_attachment_uid":"wp-3c38691edc6210f1c3fd21fc44f98669.jpeg","brizy_post_uid":["1ca60c0df99d4c60df646828231934f9"]}},{"id":1968,"url":"http:\/\/radrominstal.ro\/wp-content\/uploads\/2025\/08\/2e3014fd-0517-4689-8346-5123b11551d8-removebg-preview.png","name":"2e3014fd-0517-4689-8346-5123b11551d8-removebg-preview.png","meta":{"brizy_attachment_uid":"wp-dee3f05b21ef3b75e7d2e68fb294f145.png","brizy_post_uid":["1ca60c0df99d4c60df646828231934f9","8f68408a997247cf631f64361452368d","1f49b9aafa8c0ee4d3d6fbc1b58b9f15"]}}],"_links":{"self":[{"href":"http:\/\/radrominstal.ro\/index.php?rest_route=\/wp\/v2\/pages\/1349","targetHints":{"allow":["GET"]}}],"collection":[{"href":"http:\/\/radrominstal.ro\/index.php?rest_route=\/wp\/v2\/pages"}],"about":[{"href":"http:\/\/radrominstal.ro\/index.php?rest_route=\/wp\/v2\/types\/page"}],"author":[{"embeddable":true,"href":"http:\/\/radrominstal.ro\/index.php?rest_route=\/wp\/v2\/users\/2"}],"replies":[{"embeddable":true,"href":"http:\/\/radrominstal.ro\/index.php?rest_route=%2Fwp%2Fv2%2Fcomments&post=1349"}],"version-history":[{"count":30,"href":"http:\/\/radrominstal.ro\/index.php?rest_route=\/wp\/v2\/pages\/1349\/revisions"}],"predecessor-version":[{"id":2292,"href":"http:\/\/radrominstal.ro\/index.php?rest_route=\/wp\/v2\/pages\/1349\/revisions\/2292"}],"wp:attachment":[{"href":"http:\/\/radrominstal.ro\/index.php?rest_route=%2Fwp%2Fv2%2Fmedia&parent=1349"}],"curies":[{"name":"wp","href":"https:\/\/api.w.org\/{rel}","templated":true}]}}